{"id":19,"date":"2021-07-27T18:49:09","date_gmt":"2021-07-27T21:49:09","guid":{"rendered":"http:\/\/192.168.0.106\/stacione\/?page_id=19"},"modified":"2024-02-27T17:05:55","modified_gmt":"2024-02-27T20:05:55","slug":"jequie","status":"publish","type":"page","link":"https:\/\/somaparkpay.com.br\/site\/jequie\/","title":{"rendered":"E-Parking Jequi\u00e9"},"content":{"rendered":"\n<h2>COMO FUNCIONA<\/h2>\n\n\n\n<p>Conhe\u00e7a melhor o <strong>Soma Park<\/strong>,<br>um sistema moderno e pr\u00e1tico que facilitar\u00e1 ao usu\u00e1rio a encontrar<br>uma vaga para estacionar no centro de Jequi\u00e9.<\/p>\n\n\n\n<p><strong>Sede Jequi\u00e9:<\/strong><\/p>\n\n\n\n<p>Rua: Silva Jardim, N\u00b0 103, Centro.<br>Fone: (75) 3261-1089.<\/p>\n\n\n\n<p><\/p>\n\n\n\n<div style=\"height:50px\" aria-hidden=\"true\" class=\"wp-block-spacer\"><\/div>\n\n\n\n<h2 class=\"has-white-color has-text-color\"><strong><meta charset=\"utf-8\"><strong>HOR\u00c1RIO DE FUNCIONAMENTO<\/strong><\/strong><\/h2>\n\n\n\n<div style=\"height:50px\" aria-hidden=\"true\" class=\"wp-block-spacer\"><\/div>\n\n\n\n<figure class=\"wp-block-table is-style-stripes\"><table><tbody><tr><td class=\"has-text-align-center\" data-align=\"center\">SEGUNDA \u00c0 SEXTA<\/td><td class=\"has-text-align-center\" data-align=\"center\">S\u00c1BADOS<\/td><\/tr><tr><td class=\"has-text-align-center\" data-align=\"center\">das 08:00 \u00e0s 18:00<\/td><td class=\"has-text-align-center\" data-align=\"center\">das 08:00 \u00e0s 13:00<\/td><\/tr><\/tbody><\/table><\/figure>\n\n\n\n<h2 class=\"has-text-align-center has-white-color has-text-color\"><strong>TARIFAS<\/strong><\/h2>\n\n\n\n<div style=\"height:51px\" aria-hidden=\"true\" class=\"wp-block-spacer\"><\/div>\n\n\n\n<figure class=\"wp-block-table is-style-stripes\"><table class=\"has-white-color has-text-color\"><tbody><tr><td class=\"has-text-align-center\" data-align=\"center\"> 30 min <\/td><td class=\"has-text-align-center\" data-align=\"center\"> R$ 1,10 <\/td><\/tr><tr><td class=\"has-text-align-center\" data-align=\"center\">60 min<\/td><td class=\"has-text-align-center\" data-align=\"center\">R$ 2,20<\/td><\/tr><tr><td class=\"has-text-align-center\" data-align=\"center\">120 m<\/td><td class=\"has-text-align-center\" data-align=\"center\"> R$ 4,40<\/td><\/tr><tr><td class=\"has-text-align-center\" data-align=\"center\">Moto<\/td><td class=\"has-text-align-center\" data-align=\"center\">R$0,50<\/td><\/tr><tr><td class=\"has-text-align-center\" data-align=\"center\"><\/td><td class=\"has-text-align-center\" data-align=\"center\"><\/td><\/tr><\/tbody><\/table><\/figure>\n\n\n\n<p class=\"has-text-align-center\"><\/p>\n\n\n\n<p class=\"has-text-align-center\"><\/p>\n\n\n\n<div style=\"height:50px\" aria-hidden=\"true\" class=\"wp-block-spacer\"><\/div>\n\n\n\n<p>O usu\u00e1rio poder\u00e1 utilizar as vagas da \u00c1rea Azul de Jequi\u00e9 durante o dia todo, devendo mudar o ve\u00edculo de vaga dentro do per\u00edodo definido para a \u00e1rea onde estacionou.<\/p>\n\n\n\n<p>O per\u00edodo m\u00e1ximo para estacionamento em uma vaga \u00e9 de 2 horas consecutivas.<\/p>\n\n\n\n<p>Os usu\u00e1rios que n\u00e3o efetuarem o pagamento receber\u00e3o uma notifica\u00e7\u00e3o e a n\u00e3o quita\u00e7\u00e3o acarretar\u00e1 no recebimento de um auto de infra\u00e7\u00e3o por parte dos usu\u00e1rios.<\/p>\n\n\n\n<p>Lembre-se de adquirir o t\u00edquete de estacionamento de forma antecipada. O n\u00e3o pagamento ou uso incorreto das vagas estar\u00e1 sujeito a san\u00e7\u00f5es administrativas e auto de infra\u00e7\u00e3o de tr\u00e2nsito conforme Legisla\u00e7\u00e3o Municipal e C\u00f3digo de Tr\u00e2nsito Brasileiro.<\/p>\n\n\n\n<p><\/p>\n","protected":false},"excerpt":{"rendered":"<p>COMO FUNCIONA Conhe\u00e7a melhor o Soma Park,um sistema moderno e pr\u00e1tico que facilitar\u00e1 ao usu\u00e1rio a encontraruma vaga para estacionar no centro de Jequi\u00e9. Sede Jequi\u00e9: Rua: Silva Jardim, N\u00b0 103, Centro.Fone: (75) 3261-1089. HOR\u00c1RIO DE FUNCIONAMENTO SEGUNDA \u00c0 SEXTA S\u00c1BADOS das 08:00 \u00e0s 18:00 das 08:00 \u00e0s 13:00 TARIFAS 30 min R$ 1,10 60 &hellip; <\/p>\n<p class=\"link-more\"><a href=\"https:\/\/somaparkpay.com.br\/site\/jequie\/\" class=\"more-link\">Continue reading<span class=\"screen-reader-text\"> &#8220;E-Parking Jequi\u00e9&#8221;<\/span><\/a><\/p>\n","protected":false},"author":1,"featured_media":0,"parent":0,"menu_order":0,"comment_status":"closed","ping_status":"closed","template":"","meta":[],"_links":{"self":[{"href":"https:\/\/somaparkpay.com.br\/site\/wp-json\/wp\/v2\/pages\/19"}],"collection":[{"href":"https:\/\/somaparkpay.com.br\/site\/wp-json\/wp\/v2\/pages"}],"about":[{"href":"https:\/\/somaparkpay.com.br\/site\/wp-json\/wp\/v2\/types\/page"}],"author":[{"embeddable":true,"href":"https:\/\/somaparkpay.com.br\/site\/wp-json\/wp\/v2\/users\/1"}],"replies":[{"embeddable":true,"href":"https:\/\/somaparkpay.com.br\/site\/wp-json\/wp\/v2\/comments?post=19"}],"version-history":[{"count":36,"href":"https:\/\/somaparkpay.com.br\/site\/wp-json\/wp\/v2\/pages\/19\/revisions"}],"predecessor-version":[{"id":438,"href":"https:\/\/somaparkpay.com.br\/site\/wp-json\/wp\/v2\/pages\/19\/revisions\/438"}],"wp:attachment":[{"href":"https:\/\/somaparkpay.com.br\/site\/wp-json\/wp\/v2\/media?parent=19"}],"curies":[{"name":"wp","href":"https:\/\/api.w.org\/{rel}","templated":true}]}}