{"id":160,"date":"2021-08-04T09:37:30","date_gmt":"2021-08-04T12:37:30","guid":{"rendered":"https:\/\/stacionepay.com.br\/site\/?page_id=160"},"modified":"2023-07-06T15:14:12","modified_gmt":"2023-07-06T18:14:12","slug":"politica-privacidade","status":"publish","type":"page","link":"https:\/\/somaparkpay.com.br\/site\/politica-privacidade\/","title":{"rendered":"Pol\u00edtica de Privacidade \/ Termos de uso"},"content":{"rendered":"\n<p><\/p>\n\n\n\n<h4>SE\u00c7\u00c3O 1 \u2013 INFORMA\u00c7\u00d5ES GERAIS<\/h4>\n\n\n\n<p>A presente Pol\u00edtica de Privacidade cont\u00e9m informa\u00e7\u00f5es sobre coleta, uso, armazenamento, tratamento e prote\u00e7\u00e3o dos dados pessoais dos usu\u00e1rios e visitantes do site somaparkpay.com.br e dos usu\u00e1rios do aplicativo de administra\u00e7\u00e3o de estacionamento rotativo, disponibilizadas pela E-PARKING. Essa pol\u00edtica tem como objetivo demonstrar absoluta transpar\u00eancia quanto ao assunto. Assim como esclarecer a todos interessados os tipos de dados pessoais tratados durante o uso de nossos servi\u00e7os, bem como a finalidade da coleta e a forma como os usu\u00e1rios podem gerenciar ou excluir as suas informa\u00e7\u00f5es pessoais.<\/p>\n\n\n\n<p>Esta Pol\u00edtica de Privacidade aplica-se aos servi\u00e7os oferecidos em nosso website e aplicativo, ambos administrados pela controladora E-PARKING ESTACIONAMENTO LTDA, devidamente inscrita no CNPJ\/MF sob o n\u00ba 22.257.601.0001-17, situado na RUA LEONCIO DE FREITAS, n\u00b0 37, CENTRO de SERRINHA\/BA, doravante denominada SOMA PARK.<\/p>\n\n\n\n<p>O presente documento foi elaborado em conformidade com a Lei Geral de Prote\u00e7\u00e3o de Dados Pessoais (Lei 13.709\/18), o Marco Civil da Internet (Lei 12.965\/14) e o Regulamento da UE (n\u00ba. 2016\/6790). Este documento poder\u00e1 ainda ser atualizado em decorr\u00eancia de eventual atualiza\u00e7\u00e3o normativa, raz\u00e3o pela qual se convida o usu\u00e1rio a consultar periodicamente esta se\u00e7\u00e3o.<\/p>\n\n\n\n<h4>SE\u00c7\u00c3O 2 \u2013 COMO TRATAMOS OS DADOS PESSOAIS<\/h4>\n\n\n\n<p>Processo de coleta dos dados pessoais<\/p>\n\n\n\n<p>Os dados pessoais do usu\u00e1rio e visitante s\u00e3o coletados ap\u00f3s o seu consentimento e de acordo com a finalidade de uso descrita nessa pol\u00edtica.<\/p>\n\n\n\n<ol><li>O usu\u00e1rio cria uma conta\/perfil no website e\/ou aplicativo SOMA PARK PAY, inserindo seus dados (nome completo, cidade, CPF\/MF ou CNPJ\/MF, nome e\/ou raz\u00e3o social, e-mail, data de nascimento, telefone, placa e tipo do ve\u00edculo);<\/li><li>A partir desses dados podemos identificar o usu\u00e1rio, al\u00e9m de garantir uma maior seguran\u00e7a na atividade de cadastro;<\/li><li>Fica esclarecido aos usu\u00e1rios de que o perfil cadastrado no aplicativo ser\u00e1 disponibilizado \u00e0 E-PARKING, para que se fa\u00e7a poss\u00edvel o fornecimento do servi\u00e7o de ativa\u00e7\u00e3o de estacionamento rotativo, fiscaliza\u00e7\u00e3o e posterior encaminhamento de informa\u00e7\u00f5es para as autoridades de tr\u00e2nsito competentes;<\/li><li>Quando um usu\u00e1rio efetua uma compra de cr\u00e9ditos no aplicativo SOMA PARK PAY, as informa\u00e7\u00f5es coletadas s\u00e3o o endere\u00e7o de IP, 4 primeiros e 4 \u00faltimos d\u00edgitos do cart\u00e3o de cr\u00e9dito\/d\u00e9bito, m\u00eas e ano de validade. Esses dados s\u00e3o criptografados;<\/li><li>Fica esclarecido que o aplicativo SOMA PARK PAY pode receber dados de terceiros, como Google, Facebook e Apple. Isso ocorre quando o usu\u00e1rio opta por fazer seu cadastro de perfil utilizando os dados j\u00e1 cadastrados nessas plataformas. Tamb\u00e9m fica esclarecido que quando o usu\u00e1rio optar por utilizar essa forma de cadastro de perfil, esse cadastro est\u00e1 sujeito ao aceite das pol\u00edticas j\u00e1 descritas por essas plataformas;<\/li><li>A utiliza\u00e7\u00e3o desses dados \u00e9 autorizada previamente pelos usu\u00e1rios junto ao terceiro no momento de seu cadastro.<\/li><\/ol>\n\n\n\n<h4>SE\u00c7\u00c3O 3 \u2013 QUAIS DADOS PESSOAIS RECOLHEMOS SOBRE O USU\u00c1RIO<\/h4>\n\n\n\n<p>Os dados pessoais que necessitamos para uso de nossos servi\u00e7os s\u00e3o:<\/p>\n\n\n\n<ol><li>Dados para a cria\u00e7\u00e3o da conta\/perfil na plataforma SOMA PARK PAY: e-mail, nome ou raz\u00e3o social, data de nascimento, telefone, placa e tipo de ve\u00edculo, cidade preferencial para estacionamento e CPF\/MF ou CNPJ\/MF. Os dados podem variar de acordo com o aplicativo escolhido pelo usu\u00e1rio, por\u00e9m com a mesma finalidade de cadastro.<\/li><li>Dados para concretizar transa\u00e7\u00f5es: dados referentes ao pagamento e transa\u00e7\u00f5es, tais como: n\u00famero do cart\u00e3o de cr\u00e9dito e outras informa\u00e7\u00f5es sobre o cart\u00e3o, al\u00e9m dos pagamentos efetuados.<\/li><li>Dados relacionados a contratos: diante da formaliza\u00e7\u00e3o do contrato de presta\u00e7\u00e3o de servi\u00e7os e compra de cr\u00e9ditos entre a plataforma e a empresa, poder\u00e3o ser coletados e armazenados dados relativos \u00e0 execu\u00e7\u00e3o contratual, inclusive as comunica\u00e7\u00f5es realizadas entre a SOMA PARK PAY e empresa;<\/li><li>Destacamos que os dados pessoais utilizados s\u00e3o fornecidos diretamente pelo titular, e neste sentido, a responsabilidade pela veracidade e precis\u00e3o dos dados informados s\u00e3o de sua responsabilidade, havendo sempre a possibilidade de nos contatar para retific\u00e1-los ou mant\u00ea-los atualizados;<\/li><li>Caso opte por cancelar seu perfil em nosso aplicativo SOMA PARK PAY pode faz\u00ea-lo contatando-nos atrav\u00e9s da aba \u201cCONTATO\u201d, em nosso website;<\/li><li>Informamos que os dados pessoais coletados em nosso website e aplicativo est\u00e3o sob os nossos cuidados e responsabilidade, sendo que seu uso, acesso e compartilhamento, quando necess\u00e1rios, ser\u00e3o feitos dentro dos limites e prop\u00f3sitos dos neg\u00f3cios descritos nesta Pol\u00edtica;<\/li><li>Tamb\u00e9m realizamos o tratamento indireto de dados pessoais para prover melhor funcionamento deste website. Estas informa\u00e7\u00f5es s\u00e3o obtidas por meio de cookies e plug-ins de terceiros enviados ao seu navegador e s\u00e3o estritamente necess\u00e1rios para o funcionamento de nosso website, n\u00e3o sendo poss\u00edvel identificar o usu\u00e1rio\/titular a partir delas.<\/li><\/ol>\n\n\n\n<h4>SE\u00c7\u00c3O 4 \u2013 PARA QUE FINALIDADES UTILIZAMOS OS DADOS PESSOAIS<\/h4>\n\n\n\n<p>Os dados pessoais do usu\u00e1rio coletados e armazenados pela no aplicativo tem por finalidade:<\/p>\n\n\n\n<ol><li>Oferecer o servi\u00e7o requerido relacionado a ativa\u00e7\u00e3o de pagamento de vaga de estacionamento rotativo;<\/li><li>Regulat\u00f3rios: Os dados pessoais s\u00e3o usados para associar o pagamento do servi\u00e7o de estacionamento rotativo \u00e0 placa do ve\u00edculo cadastrado, que por sua vez ser\u00e1 consultado pela autoridade de tr\u00e2nsito do mun\u00edcipio cadastrado, para efeitos de fiscaliza\u00e7\u00e3o;<\/li><li>Previs\u00e3o do perfil do usu\u00e1rio: tratamento por meio de verifica\u00e7\u00e3o para identificar atividades fraudulentas;<\/li><li>Dados de cadastro: para permitir o acesso do usu\u00e1rio ao conte\u00fado do site, bem como os servi\u00e7os do aplicativo<\/li><li>Dados de contrato: conferir \u00e0s partes seguran\u00e7a jur\u00eddica facilitando a conclus\u00e3o do neg\u00f3cio.<\/li><\/ol>\n\n\n\n<p>O tratamento de dados pessoais para finalidades n\u00e3o previstas nesta Pol\u00edtica de Privacidade somente ocorrer\u00e1 mediante comunica\u00e7\u00e3o pr\u00e9via ao usu\u00e1rio, de modo que os direitos e obriga\u00e7\u00f5es aqui previstos permanecem aplic\u00e1veis.<\/p>\n\n\n\n<h4>SE\u00c7\u00c3O 5 \u2013 QUAIS S\u00c3O SEUS DIREITOS COMO TITULAR DOS DADOS<\/h4>\n\n\n\n<ol><li>Confirma\u00e7\u00e3o da exist\u00eancia do tratamento de dados pessoais;<\/li><li>Acesso aos dados;<\/li><li>Corre\u00e7\u00e3o de dados incompletos, incorretos ou desatualizados;<\/li><li>Anonimiza\u00e7\u00e3o, bloqueio ou elimina\u00e7\u00e3o de dados desnecess\u00e1rios, excessivos ou tratados em desconformidade com a Lei Geral de Prote\u00e7\u00e3o de Dados;<\/li><li>Portabilidade dos dados, mediante requerimento expresso, de acordo com a regulamenta\u00e7\u00e3o da Autoridade Nacional de Prote\u00e7\u00e3o de dados, sendo observados os segredos comercial e industrial;<\/li><li>Elimina\u00e7\u00e3o dos dados pessoais tratados com o consentimento do titular, exceto nas hip\u00f3teses de cumprimento de obriga\u00e7\u00e3o legal ou regulat\u00f3ria pelo controlador, e estudo por \u00f3rg\u00e3o de pesquisa, garantindo a anonimiza\u00e7\u00e3o dos dados pessoais sempre que poss\u00edvel;<\/li><li>Transfer\u00eancia a terceiro, respeitados os requisitos de tratamento de dados dispostos na Lei Geral de Prote\u00e7\u00e3o de Dados ou uso exclusivo do controlador, vedado seu acesso por terceiro, e desde que anonimizados os dados;<\/li><li>Informa\u00e7\u00e3o das entidades p\u00fablicas e privadas com as quais os seus dados s\u00e3o compartilhados;<\/li><li>Revoga\u00e7\u00e3o do consentimento, por procedimento simples e gratuito, a qualquer tempo;<\/li><li>N\u00e3o h\u00e1 coleta de qualquer dado sens\u00edvel e o conte\u00fado n\u00e3o \u00e9 direcionado \u00e0s crian\u00e7as e adolescentes, assim n\u00e3o h\u00e1 avalia\u00e7\u00e3o, qualifica\u00e7\u00e3o ou coleta intencional de seus dados pessoais.<\/li><\/ol>\n\n\n\n<h4>AVISOS IMPORTANTES<\/h4>\n\n\n\n<ol><li>Para sua seguran\u00e7a, sempre que voc\u00ea apresentar uma requisi\u00e7\u00e3o para exercer seus direitos, a E-PARKING poder\u00e1 solicitar algumas informa\u00e7\u00f5es e\/ou documentos complementares para que possa comprovar a sua identidade, com o objetivo de impedir fraudes. Esta pr\u00e1tica garante a seguran\u00e7a e a privacidade de todos.<\/li><li>Em alguns casos, pode haver motivos leg\u00edtimos para deixar de atender a uma solicita\u00e7\u00e3o de exerc\u00edcio de direitos. Essas situa\u00e7\u00f5es incluem, por exemplo, casos em que uma revela\u00e7\u00e3o de informa\u00e7\u00f5es espec\u00edficas poderia violar direitos de propriedade intelectual ou segredos de neg\u00f3cio ou de terceiros; casos em que pedidos de exclus\u00e3o de dados n\u00e3o possam ser atendidos em raz\u00e3o da exist\u00eancia de obriga\u00e7\u00e3o de reten\u00e7\u00e3o de dados, seja para cumprir obriga\u00e7\u00f5es legais, regulat\u00f3rias ou para possibilitar a defesa da E-PARKING ou de terceiros em disputas de qualquer natureza.<\/li><li>Ainda, algumas solicita\u00e7\u00f5es podem n\u00e3o ser respondidas de forma imediata pela E-PARKING, mas se compromete a responder todas as requisi\u00e7\u00f5es em um prazo razo\u00e1vel e sempre em conformidade com a legisla\u00e7\u00e3o aplic\u00e1vel.<\/li><\/ol>\n\n\n\n<h4>SE\u00c7\u00c3O 6 \u2013 POR QUANTO TEMPO OS DADOS PESSOAIS FICAM ARMAZENADOS?<\/h4>\n\n\n\n<p>Os dados pessoais do usu\u00e1rio s\u00e3o armazenados durante o per\u00edodo necess\u00e1rio para a presta\u00e7\u00e3o do servi\u00e7o ou o cumprimento das finalidades previstas no presente documento, conforme o disposto no inciso I do artigo 15 da Lei 13.709\/18. Os dados podem ser removidos ou anonimizados a pedido do usu\u00e1rio, excetuando os casos em que a lei oferecer outro tratamento. Ainda, os dados pessoais dos usu\u00e1rios apenas podem ser conservados ap\u00f3s o t\u00e9rmino de seu tratamento nas seguintes hip\u00f3teses previstas no artigo 16 da referida lei:<\/p>\n\n\n\n<ol><li>Cumprimento de obriga\u00e7\u00e3o legal ou regulat\u00f3ria pelo controlador;<\/li><li>Estudo por \u00f3rg\u00e3o de pesquisa, garantida, sempre que poss\u00edvel, a anonimiza\u00e7\u00e3o dos dados pessoais;<\/li><li>Transfer\u00eancia a terceiro, desde que respeitados os requisitos de tratamento de dados dispostos nesta Lei;<\/li><li>Uso exclusivo do controlador, vedado seu acesso por terceiro, e desde que anonimizados os dados.<\/li><\/ol>\n\n\n\n<h5>SEGURAN\u00c7A DOS DADOS PESSOAIS ARMAZENADOS<\/h5>\n\n\n\n<ol><li>A SOMA PARK, controladora do aplicativo SOMA PARK PAY, est\u00e1 comprometida a aplicar as medidas t\u00e9cnicas aptas a proteger os dados pessoais de acessos n\u00e3o autorizados e de situa\u00e7\u00f5es de destrui\u00e7\u00e3o, perda, altera\u00e7\u00e3o, comunica\u00e7\u00e3o ou difus\u00e3o de tais dados.<\/li><li>Os dados relativos aos cart\u00f5es de cr\u00e9dito s\u00e3o criptografados usando a tecnologia \u201cSecure Socket Layer\u201d (SSL), que garante a transmiss\u00e3o de dados de forma segura e confidencial, de modo que a transmiss\u00e3o dos dados entre o servidor e o usu\u00e1rio ocorre de maneira cifrada e encriptada.<\/li><li>A E-PARKING, controladora do aplicativo SOMA PARK PAY, se exime de responsabilidade por culpa exclusiva de terceiros, como em caso de ataque de hackers ou crackers, exceto em culpa exclusiva do usu\u00e1rio, como no caso em que ele mesmo transfere seus dados a terceiros.<\/li><li>A E-PARKING se compromete a comunicar o usu\u00e1rio em caso de viola\u00e7\u00e3o de seguran\u00e7a dos seus dados pessoais.<\/li><li>Os dados pessoais armazenados s\u00e3o tratados com confidencialidade, dentro dos limites legais. No entanto, podemos divulgar suas informa\u00e7\u00f5es pessoais caso sejamos obrigados pela lei para faz\u00ea-lo ou se voc\u00ea violar nossos Termos de Uso dispon\u00edveis no aplicativo SOMA PARK PAY.<\/li><\/ol>\n\n\n\n<h4>SE\u00c7\u00c3O 7 \u2013 SEGURAN\u00c7A DOS DADOS PESSOAIS ARMAZENADOS<\/h4>\n\n\n\n<ol><li>A E-PARKING, controladora do site somaparkpay.com.br, aplica medidas t\u00e9cnicas que protegem os dados pessoais de acessos n\u00e3o autorizados ou de situa\u00e7\u00f5es de destrui\u00e7\u00e3o, perda, altera\u00e7\u00e3o, comunica\u00e7\u00e3o ou difus\u00e3o. Os dados pessoais, quando compartilhados em nosso site, s\u00e3o protegidos por tecnologia HTTPS (Site Seguro) e ficam armazenados nos servidores com aplica\u00e7\u00e3o de controles criptogr\u00e1ficos indicados.<\/li><li>Adicionalmente os dados pessoais compartilhados, quando o cadastro \u00e9 efetuado atrav\u00e9s do aplicativo SOMA PARK PAY, est\u00e1 protegido com sistema seguro.<\/li><li>A E-PARKING n\u00e3o se exime de responsabilidade por culpa exclusiva de terceiros, como em caso de ataque de hackers ou crackers, exceto em culpa exclusiva do usu\u00e1rio, como no caso em que ele mesmo transfere seus dados a terceiros. Estamos comprometidos a comunicar o usu\u00e1rio em caso de alguma viola\u00e7\u00e3o de seguran\u00e7a dos seus dados pessoais.<\/li><li>Os dados pessoais armazenados s\u00e3o tratados com confidencialidade, dentro dos limites legais. No entanto, podemos divulgar suas informa\u00e7\u00f5es pessoais caso sejamos obrigados pela lei para faz\u00ea-lo.<\/li><\/ol>\n\n\n\n<h4>SE\u00c7\u00c3O 8 \u2013 COMPARTILHAMENTO DOS DADOS<\/h4>\n\n\n\n<ol><li>O compartilhamento de dados pessoais do usu\u00e1rio dos servi\u00e7os oferecidos pela E-PARKING ocorre apenas com os operadores (Funcion\u00e1rios) de tratamento de dados para realiza\u00e7\u00e3o do servi\u00e7o. Esses operadores est\u00e3o comprometidos por meio do Termos de Confidencialidade a n\u00e3o compartilhar os dados pessoais a que tem acesso no processo de presta\u00e7\u00e3o de servi\u00e7o da E-PARKING.<\/li><li>Adicionalmente os dados pessoais compartilhados no somaparkpay.com.br, bem como as informa\u00e7\u00f5es cadastradas para uso do aplicativo SOMA PARK PAY, s\u00e3o compartilhados com as autoridades de tr\u00e2nsito para que as atividades descritas na se\u00e7\u00e3o 4, item II -Finalidade de Uso, seja realizado e efetivado.<\/li><\/ol>\n\n\n\n<h4>SE\u00c7\u00c3O 9 \u2013 COOKIES OU DADOS DE NAVEGA\u00c7\u00c3O<\/h4>\n\n\n\n<ol><li>Os cookies referem-se ao monitoramento do acesso do usu\u00e1rio em \u00e1reas visitadas em nosso site, tais informa\u00e7\u00f5es s\u00e3o relacionadas com local e hor\u00e1rio de acesso e s\u00e3o armazenadas pelo navegador do usu\u00e1rio e visitante para que o nosso servidor possa l\u00ea-las posteriormente, a fim de personalizar os servi\u00e7os e melhorar a experi\u00eancia de navega\u00e7\u00e3o em nossos sites.<\/li><li>O cookie persistente permanece no disco r\u00edgido do usu\u00e1rio depois que o navegador \u00e9 fechado e ser\u00e1 usado pelo navegador em visitas subsequentes ao site. Os cookies persistentes podem ser removidos seguindo as instru\u00e7\u00f5es do seu navegador.<\/li><li>J\u00e1 o cookie de sess\u00e3o \u00e9 tempor\u00e1rio e desaparece depois que o navegador \u00e9 fechado. \u00c9 poss\u00edvel redefinir seu navegador da web para recusar todos os cookies, por\u00e9m alguns recursos da plataforma podem n\u00e3o funcionar corretamente se a capacidade de aceitar cookies estiver desabilitada.<\/li><\/ol>\n\n\n\n<h4>SE\u00c7\u00c3O 10 \u2013 CONSENTIMENTO<\/h4>\n\n\n\n<ol><li>O usu\u00e1rio, ao cadastrar-se, manifesta conhecer e pode exercitar seus direitos de cancelar seu cadastro, acessar e atualizar seus dados pessoais e garante a veracidade das informa\u00e7\u00f5es por ele disponibilizadas.<\/li><li>O usu\u00e1rio tem direito de retirar o seu consentimento a qualquer tempo, para tanto deve entrar em contato atrav\u00e9s do e-mail <a href=\"sac.jequie@eparkingdigital.com.br\"><a rel=\"noreferrer noopener\" href=\"mailto:sac.jequie@eparkingdigital.com.br.\" target=\"_blank\">sac.jequie@eparkingdigital.com.br<\/a><\/a> ou atrav\u00e9s da aba \u201cCONTATO\u201d no website somaparkpay.com.br;<\/li><\/ol>\n\n\n\n<h4>SE\u00c7\u00c3O 11 \u2013 ALTERA\u00c7\u00d5ES PARA ESSA POL\u00cdTICA DE PRIVACIDADE<\/h4>\n\n\n\n<ol><li>Reservamos o direito de modificar essa Pol\u00edtica de Privacidade a qualquer momento, ent\u00e3o, \u00e9 recomend\u00e1vel que o usu\u00e1rio e visitante revise-a com frequ\u00eancia.<\/li><li>As altera\u00e7\u00f5es e esclarecimentos v\u00e3o surtir efeito imediatamente ap\u00f3s sua publica\u00e7\u00e3o no aplicativo SOMA PARK PAY e\/ou somaparkpay.com.br.<\/li><li>Ao utilizar o servi\u00e7o ou fornecer informa\u00e7\u00f5es pessoais ap\u00f3s eventuais modifica\u00e7\u00f5es, o usu\u00e1rio e visitante demonstra sua concord\u00e2ncia com as novas normas.<\/li><li>Diante da fus\u00e3o ou venda \u00e0 outra empresa os dados dos usu\u00e1rios podem ser transferidos para os novos propriet\u00e1rios para a manuten\u00e7\u00e3o dos servi\u00e7os oferecidos.<\/li><\/ol>\n\n\n\n<h4>SE\u00c7\u00c3O 12 \u2013 JURISDI\u00c7\u00c3O PARA RESOLU\u00c7\u00c3O DE CONFLITOS<\/h4>\n\n\n\n<p>Para a solu\u00e7\u00e3o de controv\u00e9rsias decorrentes do presente instrumento ser\u00e1 aplicado integralmente o Direito brasileiro.<\/p>\n\n\n\n<p>Os eventuais lit\u00edgios dever\u00e3o ser apresentados no foro da comarca em que se encontra a sede da empresa.<\/p>\n","protected":false},"excerpt":{"rendered":"<p>SE\u00c7\u00c3O 1 \u2013 INFORMA\u00c7\u00d5ES GERAIS A presente Pol\u00edtica de Privacidade cont\u00e9m informa\u00e7\u00f5es sobre coleta, uso, armazenamento, tratamento e prote\u00e7\u00e3o dos dados pessoais dos usu\u00e1rios e visitantes do site somaparkpay.com.br e dos usu\u00e1rios do aplicativo de administra\u00e7\u00e3o de estacionamento rotativo, disponibilizadas pela E-PARKING. Essa pol\u00edtica tem como objetivo demonstrar absoluta transpar\u00eancia quanto ao assunto. Assim como &hellip; <\/p>\n<p class=\"link-more\"><a href=\"https:\/\/somaparkpay.com.br\/site\/politica-privacidade\/\" class=\"more-link\">Continue reading<span class=\"screen-reader-text\"> &#8220;Pol\u00edtica de Privacidade \/ Termos de uso&#8221;<\/span><\/a><\/p>\n","protected":false},"author":1,"featured_media":0,"parent":0,"menu_order":0,"comment_status":"closed","ping_status":"closed","template":"","meta":[],"_links":{"self":[{"href":"https:\/\/somaparkpay.com.br\/site\/wp-json\/wp\/v2\/pages\/160"}],"collection":[{"href":"https:\/\/somaparkpay.com.br\/site\/wp-json\/wp\/v2\/pages"}],"about":[{"href":"https:\/\/somaparkpay.com.br\/site\/wp-json\/wp\/v2\/types\/page"}],"author":[{"embeddable":true,"href":"https:\/\/somaparkpay.com.br\/site\/wp-json\/wp\/v2\/users\/1"}],"replies":[{"embeddable":true,"href":"https:\/\/somaparkpay.com.br\/site\/wp-json\/wp\/v2\/comments?post=160"}],"version-history":[{"count":17,"href":"https:\/\/somaparkpay.com.br\/site\/wp-json\/wp\/v2\/pages\/160\/revisions"}],"predecessor-version":[{"id":409,"href":"https:\/\/somaparkpay.com.br\/site\/wp-json\/wp\/v2\/pages\/160\/revisions\/409"}],"wp:attachment":[{"href":"https:\/\/somaparkpay.com.br\/site\/wp-json\/wp\/v2\/media?parent=160"}],"curies":[{"name":"wp","href":"https:\/\/api.w.org\/{rel}","templated":true}]}}